{"id":433,"date":"2019-04-02T02:29:08","date_gmt":"2019-04-02T02:29:08","guid":{"rendered":"https:\/\/onekeyresult.de\/about-us\/"},"modified":"2025-04-12T10:02:34","modified_gmt":"2025-04-12T10:02:34","slug":"ueber-uns","status":"publish","type":"page","link":"https:\/\/onekeyresult.de\/en\/ueber-uns\/","title":{"rendered":"why ONE KEY RESULT"},"content":{"rendered":"<div data-elementor-type=\"wp-post\" data-elementor-id=\"433\" class=\"elementor elementor-433\" data-elementor-settings=\"{&quot;ha_cmc_init_switcher&quot;:&quot;no&quot;}\">\n\t\t\t\t\t\t<section class=\"elementor-section elementor-top-section elementor-element elementor-element-945ba98 elementor-section-content-middle elementor-reverse-tablet elementor-reverse-mobile elementor-section-boxed elementor-section-height-default elementor-section-height-default\" data-id=\"945ba98\" data-element_type=\"section\" data-e-type=\"section\" data-settings=\"{&quot;background_background&quot;:&quot;classic&quot;,&quot;_ha_eqh_enable&quot;:false}\">\n\t\t\t\t\t\t\t<div class=\"elementor-background-overlay\"><\/div>\n\t\t\t\t\t\t\t<div class=\"elementor-container elementor-column-gap-no\">\n\t\t\t\t\t<div class=\"elementor-column elementor-col-100 elementor-top-column elementor-element elementor-element-062db5c\" data-id=\"062db5c\" data-element_type=\"column\" data-e-type=\"column\">\n\t\t\t<div class=\"elementor-widget-wrap elementor-element-populated\">\n\t\t\t\t\t\t<div class=\"elementor-element elementor-element-8a70a1a elementor-widget elementor-widget-heading\" data-id=\"8a70a1a\" data-element_type=\"widget\" data-e-type=\"widget\" data-widget_type=\"heading.default\">\n\t\t\t\t<div class=\"elementor-widget-container\">\n\t\t\t\t\t<h2 class=\"elementor-heading-title elementor-size-default\">why ONE KEY RESULT<\/h2>\t\t\t\t<\/div>\n\t\t\t\t<\/div>\n\t\t\t\t<div class=\"elementor-element elementor-element-49c3cd3 elementor-widget-divider--view-line elementor-widget elementor-widget-divider\" data-id=\"49c3cd3\" data-element_type=\"widget\" data-e-type=\"widget\" data-widget_type=\"divider.default\">\n\t\t\t\t<div class=\"elementor-widget-container\">\n\t\t\t\t\t\t\t<div class=\"elementor-divider\">\n\t\t\t<span class=\"elementor-divider-separator\">\n\t\t\t\t\t\t<\/span>\n\t\t<\/div>\n\t\t\t\t\t\t<\/div>\n\t\t\t\t<\/div>\n\t\t\t\t\t<\/div>\n\t\t<\/div>\n\t\t\t\t\t<\/div>\n\t\t<\/section>\n\t\t\t\t<section class=\"elementor-section elementor-top-section elementor-element elementor-element-af8d45e elementor-section-boxed elementor-section-height-default elementor-section-height-default\" data-id=\"af8d45e\" data-element_type=\"section\" data-e-type=\"section\" data-settings=\"{&quot;_ha_eqh_enable&quot;:false}\">\n\t\t\t\t\t\t<div class=\"elementor-container elementor-column-gap-default\">\n\t\t\t\t\t<div class=\"elementor-column elementor-col-100 elementor-top-column elementor-element elementor-element-df90b33\" data-id=\"df90b33\" data-element_type=\"column\" data-e-type=\"column\">\n\t\t\t<div class=\"elementor-widget-wrap elementor-element-populated\">\n\t\t\t\t\t\t<div class=\"elementor-element elementor-element-4005fde elementor-widget elementor-widget-heading\" data-id=\"4005fde\" data-element_type=\"widget\" data-e-type=\"widget\" data-widget_type=\"heading.default\">\n\t\t\t\t<div class=\"elementor-widget-container\">\n\t\t\t\t\t<h2 class=\"elementor-heading-title elementor-size-default\">Our concept<\/h2>\t\t\t\t<\/div>\n\t\t\t\t<\/div>\n\t\t\t\t<div class=\"elementor-element elementor-element-0379069 elementor-widget elementor-widget-text-editor\" data-id=\"0379069\" data-element_type=\"widget\" data-e-type=\"widget\" data-widget_type=\"text-editor.default\">\n\t\t\t\t<div class=\"elementor-widget-container\">\n\t\t\t\t\t\t\t\t\t<p><span style=\"font-style: inherit; font-weight: inherit; letter-spacing: 0px;\">We accompany, steer and achieve the <\/span><span style=\"font-style: inherit; letter-spacing: 0px;\"><b>one\u00a0<\/b><strong>key result <\/strong><span style=\"font-weight: inherit;\">for you!<\/span><\/span><\/p>\t\t\t\t\t\t\t\t<\/div>\n\t\t\t\t<\/div>\n\t\t\t\t<div class=\"elementor-element elementor-element-40f415d elementor-widget elementor-widget-image\" data-id=\"40f415d\" data-element_type=\"widget\" data-e-type=\"widget\" data-widget_type=\"image.default\">\n\t\t\t\t<div class=\"elementor-widget-container\">\n\t\t\t\t\t\t\t\t\t\t\t\t\t\t\t<img fetchpriority=\"high\" decoding=\"async\" width=\"2560\" height=\"1656\" src=\"https:\/\/onekeyresult.de\/wp-content\/uploads\/2023\/01\/22KR-2022-10-26-Logo-ONE-Key-Result_carryakey_white-scaled.jpg\" class=\"attachment-full size-full wp-image-568\" alt=\"\" srcset=\"https:\/\/onekeyresult.de\/wp-content\/uploads\/2023\/01\/22KR-2022-10-26-Logo-ONE-Key-Result_carryakey_white-scaled.jpg 2560w, https:\/\/onekeyresult.de\/wp-content\/uploads\/2023\/01\/22KR-2022-10-26-Logo-ONE-Key-Result_carryakey_white-300x194.jpg 300w, https:\/\/onekeyresult.de\/wp-content\/uploads\/2023\/01\/22KR-2022-10-26-Logo-ONE-Key-Result_carryakey_white-1024x663.jpg 1024w, https:\/\/onekeyresult.de\/wp-content\/uploads\/2023\/01\/22KR-2022-10-26-Logo-ONE-Key-Result_carryakey_white-768x497.jpg 768w, https:\/\/onekeyresult.de\/wp-content\/uploads\/2023\/01\/22KR-2022-10-26-Logo-ONE-Key-Result_carryakey_white-1536x994.jpg 1536w, https:\/\/onekeyresult.de\/wp-content\/uploads\/2023\/01\/22KR-2022-10-26-Logo-ONE-Key-Result_carryakey_white-2048x1325.jpg 2048w\" sizes=\"(max-width: 2560px) 100vw, 2560px\" \/>\t\t\t\t\t\t\t\t\t\t\t\t\t\t\t<\/div>\n\t\t\t\t<\/div>\n\t\t\t\t<div class=\"elementor-element elementor-element-b799b7e elementor-widget elementor-widget-text-editor\" data-id=\"b799b7e\" data-element_type=\"widget\" data-e-type=\"widget\" data-widget_type=\"text-editor.default\">\n\t\t\t\t<div class=\"elementor-widget-container\">\n\t\t\t\t\t\t\t\t\t<p>Our concept &amp; our personal assist as <strong>as key driver<\/strong>. We create <strong>real added value<\/strong> for you!<\/p>\t\t\t\t\t\t\t\t<\/div>\n\t\t\t\t<\/div>\n\t\t\t\t\t<\/div>\n\t\t<\/div>\n\t\t\t\t\t<\/div>\n\t\t<\/section>\n\t\t<div class=\"elementor-element elementor-element-9e19659 e-flex e-con-boxed e-con e-parent\" data-id=\"9e19659\" data-element_type=\"container\" data-e-type=\"container\" data-settings=\"{&quot;_ha_eqh_enable&quot;:false}\">\n\t\t\t\t\t<div class=\"e-con-inner\">\n\t\t<div class=\"elementor-element elementor-element-adae08d e-con-full e-flex e-con e-child\" data-id=\"adae08d\" data-element_type=\"container\" data-e-type=\"container\" data-settings=\"{&quot;_ha_eqh_enable&quot;:false}\">\n\t\t\t\t<div class=\"elementor-element elementor-element-6bb345d elementor-widget elementor-widget-text-editor\" data-id=\"6bb345d\" data-element_type=\"widget\" data-e-type=\"widget\" data-widget_type=\"text-editor.default\">\n\t\t\t\t<div class=\"elementor-widget-container\">\n\t\t\t\t\t\t\t\t\t<p><strong style=\"font-style: inherit; letter-spacing: 0px;\">Our concept<\/strong><span style=\"font-style: inherit; font-weight: inherit; letter-spacing: 0px;\"> is based on the fact that we can offer you a wide range of <strong>expertise,<\/strong> and also accompany you with the steps for which you would otherwise have to commission other companies. We are your <\/span><b style=\"font-style: inherit; letter-spacing: 0px;\">central contact person<\/b><span style=\"font-style: inherit; font-weight: inherit; letter-spacing: 0px;\"> and you always have a <\/span><b style=\"font-style: inherit; letter-spacing: 0px;\">clear overview<\/b><span style=\"font-style: inherit; font-weight: inherit; letter-spacing: 0px;\">. <\/span><\/p><p>Our concept follows the following steps:<\/p>\t\t\t\t\t\t\t\t<\/div>\n\t\t\t\t<\/div>\n\t\t\t\t<div class=\"elementor-element elementor-element-3b22aaa elementor-widget elementor-widget-xpro-progress-bar\" data-id=\"3b22aaa\" data-element_type=\"widget\" data-e-type=\"widget\" data-settings=\"{&quot;value&quot;:15,&quot;show_count&quot;:&quot;yes&quot;,&quot;duration&quot;:{&quot;unit&quot;:&quot;px&quot;,&quot;size&quot;:3,&quot;sizes&quot;:[]}}\" data-widget_type=\"xpro-progress-bar.default\">\n\t\t\t\t<div class=\"elementor-widget-container\">\n\t\t\t\t\t<div class=\"xpro-progress-bar-wrapper xpro-progress-bar-layout-14\">\r\n\t\t\t<div class=\"xpro-progress-content\">\r\n\t\t\t<span class=\"xpro-progress-title\">Definition: important criteria for the sale or purchase of a property<\/span>\r\n\t\t<\/div>\r\n\t\t<div class=\"xpro-progress-bar\">\r\n\t\t<div class=\"xpro-progress-track\">\r\n\t\t\t\t\t\t\t<div class=\"xpro-progress-counter\">\r\n\t\t\t\t\t\t\t\t\t\t\t\t\t\t\t<span class=\"xpro-progress-count\">90<\/span>%\r\n\t\t\t\t<\/div>\r\n\t\t\t\t\t<\/div>\r\n\t<\/div>\r\n\t<\/div>\r\n\t\t\t\t<\/div>\n\t\t\t\t<\/div>\n\t\t\t\t<div class=\"elementor-element elementor-element-7689938 elementor-widget elementor-widget-xpro-progress-bar\" data-id=\"7689938\" data-element_type=\"widget\" data-e-type=\"widget\" data-settings=\"{&quot;value&quot;:30,&quot;show_count&quot;:&quot;yes&quot;,&quot;duration&quot;:{&quot;unit&quot;:&quot;px&quot;,&quot;size&quot;:3,&quot;sizes&quot;:[]}}\" data-widget_type=\"xpro-progress-bar.default\">\n\t\t\t\t<div class=\"elementor-widget-container\">\n\t\t\t\t\t<div class=\"xpro-progress-bar-wrapper xpro-progress-bar-layout-14\">\r\n\t\t\t<div class=\"xpro-progress-content\">\r\n\t\t\t<span class=\"xpro-progress-title\">Realization: Accurate real estate inspection<\/span>\r\n\t\t<\/div>\r\n\t\t<div class=\"xpro-progress-bar\">\r\n\t\t<div class=\"xpro-progress-track\">\r\n\t\t\t\t\t\t\t<div class=\"xpro-progress-counter\">\r\n\t\t\t\t\t\t\t\t\t\t\t\t\t\t\t<span class=\"xpro-progress-count\">90<\/span>%\r\n\t\t\t\t<\/div>\r\n\t\t\t\t\t<\/div>\r\n\t<\/div>\r\n\t<\/div>\r\n\t\t\t\t<\/div>\n\t\t\t\t<\/div>\n\t\t\t\t<div class=\"elementor-element elementor-element-5d29dab elementor-widget elementor-widget-xpro-progress-bar\" data-id=\"5d29dab\" data-element_type=\"widget\" data-e-type=\"widget\" data-settings=\"{&quot;value&quot;:45,&quot;show_count&quot;:&quot;yes&quot;,&quot;duration&quot;:{&quot;unit&quot;:&quot;px&quot;,&quot;size&quot;:3,&quot;sizes&quot;:[]}}\" data-widget_type=\"xpro-progress-bar.default\">\n\t\t\t\t<div class=\"elementor-widget-container\">\n\t\t\t\t\t<div class=\"xpro-progress-bar-wrapper xpro-progress-bar-layout-14\">\r\n\t\t\t<div class=\"xpro-progress-content\">\r\n\t\t\t<span class=\"xpro-progress-title\">Obtaining, reviewing &amp; checking: object documents<\/span>\r\n\t\t<\/div>\r\n\t\t<div class=\"xpro-progress-bar\">\r\n\t\t<div class=\"xpro-progress-track\">\r\n\t\t\t\t\t\t\t<div class=\"xpro-progress-counter\">\r\n\t\t\t\t\t\t\t\t\t\t\t\t\t\t\t<span class=\"xpro-progress-count\">90<\/span>%\r\n\t\t\t\t<\/div>\r\n\t\t\t\t\t<\/div>\r\n\t<\/div>\r\n\t<\/div>\r\n\t\t\t\t<\/div>\n\t\t\t\t<\/div>\n\t\t\t\t<div class=\"elementor-element elementor-element-bde05fc elementor-widget elementor-widget-xpro-progress-bar\" data-id=\"bde05fc\" data-element_type=\"widget\" data-e-type=\"widget\" data-settings=\"{&quot;value&quot;:60,&quot;show_count&quot;:&quot;yes&quot;,&quot;duration&quot;:{&quot;unit&quot;:&quot;px&quot;,&quot;size&quot;:3,&quot;sizes&quot;:[]}}\" data-widget_type=\"xpro-progress-bar.default\">\n\t\t\t\t<div class=\"elementor-widget-container\">\n\t\t\t\t\t<div class=\"xpro-progress-bar-wrapper xpro-progress-bar-layout-14\">\r\n\t\t\t<div class=\"xpro-progress-content\">\r\n\t\t\t<span class=\"xpro-progress-title\">Contact: Property management for further relevant information<\/span>\r\n\t\t<\/div>\r\n\t\t<div class=\"xpro-progress-bar\">\r\n\t\t<div class=\"xpro-progress-track\">\r\n\t\t\t\t\t\t\t<div class=\"xpro-progress-counter\">\r\n\t\t\t\t\t\t\t\t\t\t\t\t\t\t\t<span class=\"xpro-progress-count\">90<\/span>%\r\n\t\t\t\t<\/div>\r\n\t\t\t\t\t<\/div>\r\n\t<\/div>\r\n\t<\/div>\r\n\t\t\t\t<\/div>\n\t\t\t\t<\/div>\n\t\t\t\t<div class=\"elementor-element elementor-element-6cd2307 elementor-widget elementor-widget-xpro-progress-bar\" data-id=\"6cd2307\" data-element_type=\"widget\" data-e-type=\"widget\" data-settings=\"{&quot;value&quot;:75,&quot;show_count&quot;:&quot;yes&quot;,&quot;duration&quot;:{&quot;unit&quot;:&quot;px&quot;,&quot;size&quot;:3,&quot;sizes&quot;:[]}}\" data-widget_type=\"xpro-progress-bar.default\">\n\t\t\t\t<div class=\"elementor-widget-container\">\n\t\t\t\t\t<div class=\"xpro-progress-bar-wrapper xpro-progress-bar-layout-14\">\r\n\t\t\t<div class=\"xpro-progress-content\">\r\n\t\t\t<span class=\"xpro-progress-title\">Creation: individual project for sale\/purchase, target group, steps,...<\/span>\r\n\t\t<\/div>\r\n\t\t<div class=\"xpro-progress-bar\">\r\n\t\t<div class=\"xpro-progress-track\">\r\n\t\t\t\t\t\t\t<div class=\"xpro-progress-counter\">\r\n\t\t\t\t\t\t\t\t\t\t\t\t\t\t\t<span class=\"xpro-progress-count\">90<\/span>%\r\n\t\t\t\t<\/div>\r\n\t\t\t\t\t<\/div>\r\n\t<\/div>\r\n\t<\/div>\r\n\t\t\t\t<\/div>\n\t\t\t\t<\/div>\n\t\t\t\t<div class=\"elementor-element elementor-element-03bf08a elementor-widget elementor-widget-xpro-progress-bar\" data-id=\"03bf08a\" data-element_type=\"widget\" data-e-type=\"widget\" data-settings=\"{&quot;value&quot;:90,&quot;show_count&quot;:&quot;yes&quot;,&quot;duration&quot;:{&quot;unit&quot;:&quot;px&quot;,&quot;size&quot;:3,&quot;sizes&quot;:[]}}\" data-widget_type=\"xpro-progress-bar.default\">\n\t\t\t\t<div class=\"elementor-widget-container\">\n\t\t\t\t\t<div class=\"xpro-progress-bar-wrapper xpro-progress-bar-layout-14\">\r\n\t\t\t<div class=\"xpro-progress-content\">\r\n\t\t\t<span class=\"xpro-progress-title\">Preparation: financing for buyers with direct approach to banks as a banker possible<\/span>\r\n\t\t<\/div>\r\n\t\t<div class=\"xpro-progress-bar\">\r\n\t\t<div class=\"xpro-progress-track\">\r\n\t\t\t\t\t\t\t<div class=\"xpro-progress-counter\">\r\n\t\t\t\t\t\t\t\t\t\t\t\t\t\t\t<span class=\"xpro-progress-count\">90<\/span>%\r\n\t\t\t\t<\/div>\r\n\t\t\t\t\t<\/div>\r\n\t<\/div>\r\n\t<\/div>\r\n\t\t\t\t<\/div>\n\t\t\t\t<\/div>\n\t\t\t\t<div class=\"elementor-element elementor-element-1993cf2 elementor-widget elementor-widget-xpro-progress-bar\" data-id=\"1993cf2\" data-element_type=\"widget\" data-e-type=\"widget\" data-settings=\"{&quot;value&quot;:99,&quot;show_count&quot;:&quot;yes&quot;,&quot;duration&quot;:{&quot;unit&quot;:&quot;px&quot;,&quot;size&quot;:3,&quot;sizes&quot;:[]}}\" data-widget_type=\"xpro-progress-bar.default\">\n\t\t\t\t<div class=\"elementor-widget-container\">\n\t\t\t\t\t<div class=\"xpro-progress-bar-wrapper xpro-progress-bar-layout-14\">\r\n\t\t\t<div class=\"xpro-progress-content\">\r\n\t\t\t<span class=\"xpro-progress-title\">Preparation: notarization between seller, buyer and notaries<\/span>\r\n\t\t<\/div>\r\n\t\t<div class=\"xpro-progress-bar\">\r\n\t\t<div class=\"xpro-progress-track\">\r\n\t\t\t\t\t\t\t<div class=\"xpro-progress-counter\">\r\n\t\t\t\t\t\t\t\t\t\t\t\t\t\t\t<span class=\"xpro-progress-count\">90<\/span>%\r\n\t\t\t\t<\/div>\r\n\t\t\t\t\t<\/div>\r\n\t<\/div>\r\n\t<\/div>\r\n\t\t\t\t<\/div>\n\t\t\t\t<\/div>\n\t\t\t\t<\/div>\n\t\t\t\t\t<\/div>\n\t\t\t\t<\/div>\n\t\t<div class=\"elementor-element elementor-element-19e8146 e-flex e-con-boxed e-con e-parent\" data-id=\"19e8146\" data-element_type=\"container\" data-e-type=\"container\" data-settings=\"{&quot;_ha_eqh_enable&quot;:false}\">\n\t\t\t\t\t<div class=\"e-con-inner\">\n\t\t<div class=\"elementor-element elementor-element-6a7d4c2 e-con-full e-flex e-con e-child\" data-id=\"6a7d4c2\" data-element_type=\"container\" data-e-type=\"container\" data-settings=\"{&quot;_ha_eqh_enable&quot;:false}\">\n\t\t\t\t<div class=\"elementor-element elementor-element-bce562b elementor-widget elementor-widget-text-editor\" data-id=\"bce562b\" data-element_type=\"widget\" data-e-type=\"widget\" data-widget_type=\"text-editor.default\">\n\t\t\t\t<div class=\"elementor-widget-container\">\n\t\t\t\t\t\t\t\t\t<p><span style=\"font-style: inherit; font-weight: inherit; letter-spacing: 0px;\"><strong>ONE KEY RESULT supports you throughout the entire project!<\/strong><\/span><\/p><p><span style=\"font-style: inherit; font-weight: inherit; letter-spacing: 0px;\"><strong>You take over the last 1% only<\/strong> with your signature <strong>on the purchase contract<\/strong>.<\/span><\/p>\t\t\t\t\t\t\t\t<\/div>\n\t\t\t\t<\/div>\n\t\t\t\t<\/div>\n\t\t\t\t\t<\/div>\n\t\t\t\t<\/div>\n\t\t<div class=\"elementor-element elementor-element-b92aab1 e-flex e-con-boxed e-con e-parent\" data-id=\"b92aab1\" data-element_type=\"container\" data-e-type=\"container\" data-settings=\"{&quot;_ha_eqh_enable&quot;:false}\">\n\t\t\t\t\t<div class=\"e-con-inner\">\n\t\t<div class=\"elementor-element elementor-element-3baa301 e-con-full e-flex e-con e-child\" data-id=\"3baa301\" data-element_type=\"container\" data-e-type=\"container\" data-settings=\"{&quot;_ha_eqh_enable&quot;:false}\">\n\t\t\t\t<\/div>\n\t\t<div class=\"elementor-element elementor-element-d1dc9ea e-con-full e-flex e-con e-child\" data-id=\"d1dc9ea\" data-element_type=\"container\" data-e-type=\"container\" data-settings=\"{&quot;_ha_eqh_enable&quot;:false}\">\n\t\t\t\t<\/div>\n\t\t\t\t\t<\/div>\n\t\t\t\t<\/div>\n\t\t\t\t<section class=\"elementor-section elementor-top-section elementor-element elementor-element-fbf545e elementor-section-content-middle elementor-reverse-tablet elementor-reverse-mobile elementor-section-boxed elementor-section-height-default elementor-section-height-default\" data-id=\"fbf545e\" data-element_type=\"section\" data-e-type=\"section\" data-settings=\"{&quot;background_background&quot;:&quot;classic&quot;,&quot;_ha_eqh_enable&quot;:false}\">\n\t\t\t\t\t\t\t<div class=\"elementor-background-overlay\"><\/div>\n\t\t\t\t\t\t\t<div class=\"elementor-container elementor-column-gap-no\">\n\t\t\t\t\t<div class=\"elementor-column elementor-col-100 elementor-top-column elementor-element elementor-element-4d08204\" data-id=\"4d08204\" data-element_type=\"column\" data-e-type=\"column\">\n\t\t\t<div class=\"elementor-widget-wrap elementor-element-populated\">\n\t\t\t\t\t\t<div class=\"elementor-element elementor-element-b6231a0 elementor-widget elementor-widget-heading\" data-id=\"b6231a0\" data-element_type=\"widget\" data-e-type=\"widget\" data-widget_type=\"heading.default\">\n\t\t\t\t<div class=\"elementor-widget-container\">\n\t\t\t\t\t<h2 class=\"elementor-heading-title elementor-size-default\">Qualification<\/h2>\t\t\t\t<\/div>\n\t\t\t\t<\/div>\n\t\t\t\t<div class=\"elementor-element elementor-element-27f46f7 elementor-widget elementor-widget-image\" data-id=\"27f46f7\" data-element_type=\"widget\" data-e-type=\"widget\" data-widget_type=\"image.default\">\n\t\t\t\t<div class=\"elementor-widget-container\">\n\t\t\t\t\t\t\t\t\t\t\t\t\t\t\t<img decoding=\"async\" width=\"285\" height=\"300\" src=\"https:\/\/onekeyresult.de\/wp-content\/uploads\/2023\/02\/Screenshot-2023-02-01-121832-285x300.jpg\" class=\"attachment-medium size-medium wp-image-689\" alt=\"\" srcset=\"https:\/\/onekeyresult.de\/wp-content\/uploads\/2023\/02\/Screenshot-2023-02-01-121832-285x300.jpg 285w, https:\/\/onekeyresult.de\/wp-content\/uploads\/2023\/02\/Screenshot-2023-02-01-121832.jpg 601w\" sizes=\"(max-width: 285px) 100vw, 285px\" \/>\t\t\t\t\t\t\t\t\t\t\t\t\t\t\t<\/div>\n\t\t\t\t<\/div>\n\t\t\t\t<div class=\"elementor-element elementor-element-7471d4a elementor-widget elementor-widget-text-editor\" data-id=\"7471d4a\" data-element_type=\"widget\" data-e-type=\"widget\" data-widget_type=\"text-editor.default\">\n\t\t\t\t<div class=\"elementor-widget-container\">\n\t\t\t\t\t\t\t\t\t<p>Carolin Neuse is the <strong>Founder &amp; Managing Partner<\/strong> of <strong>ONE KEY RESULT<\/strong> GmbH.\u00a0<\/p>\t\t\t\t\t\t\t\t<\/div>\n\t\t\t\t<\/div>\n\t\t\t\t<div class=\"elementor-element elementor-element-6a23521 elementor-widget elementor-widget-text-editor\" data-id=\"6a23521\" data-element_type=\"widget\" data-e-type=\"widget\" data-widget_type=\"text-editor.default\">\n\t\t\t\t<div class=\"elementor-widget-container\">\n\t\t\t\t\t\t\t\t\t<p>Our professional time in <strong>banks<\/strong> in Berlin and Paris, renowned <strong>strategy consultancies<\/strong> and <strong>real estate funds<\/strong> in Zurich and London makes us a professional, competent, reliable and successful <strong>real estate &amp; finance advisor<\/strong> in Berlin and Brandenburg.\u00a0<\/p><p>The basis for this was laid, among other things, by the degree of <strong>Bachelor of Arts<\/strong> in Banking &amp; Finance as well as <strong>Master of Arts<\/strong> in Business Administration at the University of Zurich and also by obtaining the professional title of <strong>\"Bankkauffrau\"<\/strong> from Dresdner Bank. The latter allows us to directly address the lending banks, which is a strong component of our services.<\/p><p>We attach great importance to comprehensive knowledge of current changes and new information in the property and financial market in Germany. We are therefore an active <strong>member of the German Property Federation (IVD)<\/strong> and regularly take part in <strong>further training<\/strong> courses.<\/p>\t\t\t\t\t\t\t\t<\/div>\n\t\t\t\t<\/div>\n\t\t\t\t<div class=\"elementor-element elementor-element-4d4287f elementor-widget elementor-widget-image\" data-id=\"4d4287f\" data-element_type=\"widget\" data-e-type=\"widget\" data-widget_type=\"image.default\">\n\t\t\t\t<div class=\"elementor-widget-container\">\n\t\t\t\t\t\t\t\t\t\t\t\t\t\t\t<img decoding=\"async\" width=\"197\" height=\"300\" src=\"https:\/\/onekeyresult.de\/wp-content\/uploads\/2025\/01\/IVD_Weiterbildungssiegel_2025_web-1-197x300.png\" class=\"attachment-medium size-medium wp-image-6917\" alt=\"\" srcset=\"https:\/\/onekeyresult.de\/wp-content\/uploads\/2025\/01\/IVD_Weiterbildungssiegel_2025_web-1-197x300.png 197w, https:\/\/onekeyresult.de\/wp-content\/uploads\/2025\/01\/IVD_Weiterbildungssiegel_2025_web-1-671x1024.png 671w, https:\/\/onekeyresult.de\/wp-content\/uploads\/2025\/01\/IVD_Weiterbildungssiegel_2025_web-1-768x1172.png 768w, https:\/\/onekeyresult.de\/wp-content\/uploads\/2025\/01\/IVD_Weiterbildungssiegel_2025_web-1-8x12.png 8w, https:\/\/onekeyresult.de\/wp-content\/uploads\/2025\/01\/IVD_Weiterbildungssiegel_2025_web-1.png 973w\" sizes=\"(max-width: 197px) 100vw, 197px\" \/>\t\t\t\t\t\t\t\t\t\t\t\t\t\t\t<\/div>\n\t\t\t\t<\/div>\n\t\t\t\t\t<\/div>\n\t\t<\/div>\n\t\t\t\t\t<\/div>\n\t\t<\/section>\n\t\t\t\t<\/div>","protected":false},"excerpt":{"rendered":"<p>wieso ONE KEY RESULT Unser Konzept Wir begleiten, steuern und erzielen das eine\u00a0Schl\u00fcsselergebnis f\u00fcr Sie! Unser Konzept &amp; unsere pers\u00f6nliche Begleitung als wesentlicher Treiber. Wir schaffen einen echten Mehrwert f\u00fcr Sie! Unser Konzept basiert darauf, dass wir Sie aufgrund unserer vielseitigen Fachkompetenz auch bei den Schritten begleiten k\u00f6nnen, f\u00fcr die Sie sonst andere Firmen beauftragen [&hellip;]<\/p>\n","protected":false},"author":1,"featured_media":0,"parent":0,"menu_order":0,"comment_status":"closed","ping_status":"closed","template":"","meta":{"site-sidebar-layout":"no-sidebar","site-content-layout":"page-builder","ast-site-content-layout":"full-width-container","site-content-style":"unboxed","site-sidebar-style":"unboxed","ast-global-header-display":"","ast-banner-title-visibility":"","ast-main-header-display":"","ast-hfb-above-header-display":"","ast-hfb-below-header-display":"","ast-hfb-mobile-header-display":"","site-post-title":"disabled","ast-breadcrumbs-content":"disabled","ast-featured-img":"disabled","footer-sml-layout":"","ast-disable-related-posts":"","theme-transparent-header-meta":"enabled","adv-header-id-meta":"","stick-header-meta":"","header-above-stick-meta":"","header-main-stick-meta":"","header-below-stick-meta":"","astra-migrate-meta-layouts":"set","ast-page-background-enabled":"default","ast-page-background-meta":{"desktop":{"background-color":"","background-image":"","background-repeat":"repeat","background-position":"center center","background-size":"auto","background-attachment":"scroll","background-type":"","background-media":"","overlay-type":"","overlay-color":"","overlay-opacity":"","overlay-gradient":""},"tablet":{"background-color":"","background-image":"","background-repeat":"repeat","background-position":"center center","background-size":"auto","background-attachment":"scroll","background-type":"","background-media":"","overlay-type":"","overlay-color":"","overlay-opacity":"","overlay-gradient":""},"mobile":{"background-color":"","background-image":"","background-repeat":"repeat","background-position":"center center","background-size":"auto","background-attachment":"scroll","background-type":"","background-media":"","overlay-type":"","overlay-color":"","overlay-opacity":"","overlay-gradient":""}},"ast-content-background-meta":{"desktop":{"background-color":"var(--ast-global-color-5)","background-image":"","background-repeat":"repeat","background-position":"center center","background-size":"auto","background-attachment":"scroll","background-type":"","background-media":"","overlay-type":"","overlay-color":"","overlay-opacity":"","overlay-gradient":""},"tablet":{"background-color":"var(--ast-global-color-5)","background-image":"","background-repeat":"repeat","background-position":"center center","background-size":"auto","background-attachment":"scroll","background-type":"","background-media":"","overlay-type":"","overlay-color":"","overlay-opacity":"","overlay-gradient":""},"mobile":{"background-color":"var(--ast-global-color-5)","background-image":"","background-repeat":"repeat","background-position":"center center","background-size":"auto","background-attachment":"scroll","background-type":"","background-media":"","overlay-type":"","overlay-color":"","overlay-opacity":"","overlay-gradient":""}},"footnotes":""},"class_list":["post-433","page","type-page","status-publish","hentry"],"_links":{"self":[{"href":"https:\/\/onekeyresult.de\/en\/wp-json\/wp\/v2\/pages\/433","targetHints":{"allow":["GET"]}}],"collection":[{"href":"https:\/\/onekeyresult.de\/en\/wp-json\/wp\/v2\/pages"}],"about":[{"href":"https:\/\/onekeyresult.de\/en\/wp-json\/wp\/v2\/types\/page"}],"author":[{"embeddable":true,"href":"https:\/\/onekeyresult.de\/en\/wp-json\/wp\/v2\/users\/1"}],"replies":[{"embeddable":true,"href":"https:\/\/onekeyresult.de\/en\/wp-json\/wp\/v2\/comments?post=433"}],"version-history":[{"count":0,"href":"https:\/\/onekeyresult.de\/en\/wp-json\/wp\/v2\/pages\/433\/revisions"}],"wp:attachment":[{"href":"https:\/\/onekeyresult.de\/en\/wp-json\/wp\/v2\/media?parent=433"}],"curies":[{"name":"wp","href":"https:\/\/api.w.org\/{rel}","templated":true}]}}